{"id":151,"date":"2019-02-18T22:26:00","date_gmt":"2019-02-18T22:26:00","guid":{"rendered":"http:\/\/gasthaus-hannes.de\/?page_id=151"},"modified":"2026-02-01T10:12:36","modified_gmt":"2026-02-01T10:12:36","slug":"startseite","status":"publish","type":"page","link":"http:\/\/gasthaus-hannes.de\/","title":{"rendered":"Gasthaus Hannes"},"content":{"rendered":"<div class=\"wp-block-image\">\n<figure class=\"aligncenter is-resized\"><img loading=\"lazy\" decoding=\"async\" width=\"1000\" height=\"667\" src=\"http:\/\/gasthaus-hannes.de\/wp-content\/uploads\/2019\/02\/DSC2729-1.jpg\" alt=\"\" class=\"wp-image-190\" style=\"width:750px;height:500px\" srcset=\"http:\/\/gasthaus-hannes.de\/wp-content\/uploads\/2019\/02\/DSC2729-1.jpg 1000w, http:\/\/gasthaus-hannes.de\/wp-content\/uploads\/2019\/02\/DSC2729-1-300x200.jpg 300w, http:\/\/gasthaus-hannes.de\/wp-content\/uploads\/2019\/02\/DSC2729-1-768x512.jpg 768w\" sizes=\"auto, (max-width: 1000px) 100vw, 1000px\" \/><\/figure>\n<\/div>\n\n\n<p><\/p>\n\n\n\n<p class=\"has-text-align-center\"><strong>Wir<\/strong> m\u00f6chten Sie mit regionalen, hausgemachten und schmackhaften Gerichten<br>aus unserer K\u00fcche verw\u00f6hnen.<br><br>Ausserdem verf\u00fcgen wir \u00fcber ein gro\u00dfes <strong>Cateringangebot<\/strong><br> f\u00fcr Familien-, Hochzeits-, Schulanfangs-, oder Betriebsfeiern.<br><br><strong>Rufen<\/strong> Sie einfach an und machen ein pers\u00f6nlichen Termin zur unverbindlichen Absprache mit uns aus.<br>Unser Gasthaus bietet unseren G\u00e4sten einen <strong>kleinen Gastraum<\/strong> f\u00fcr bis zu 15 Personen<br>und \u00fcber einen <strong>gro\u00dfen Gastraum<\/strong> f\u00fcr bis zu 70 Personen an.<br><br>Im Sommer l\u00e4dt unser gro\u00dfer <strong>Freisitz<\/strong> f\u00fcr bis zu 30 Personen zum gem\u00fctlichen verweilen ein.<br><br><strong>Parkpl\u00e4tze<\/strong> sind in gro\u00dfer Anzahl direkt auf unserem Grundst\u00fcck vorhanden.<br><br>Auch einen <strong>barrierefreien Zugang<\/strong> zu unseren Gastr\u00e4umen k\u00f6nnen wir garantieren.<\/p>\n","protected":false},"excerpt":{"rendered":"<p>Wir m\u00f6chten Sie mit regionalen, hausgemachten und schmackhaften Gerichtenaus unserer K\u00fcche verw\u00f6hnen. Ausserdem verf\u00fcgen wir \u00fcber ein gro\u00dfes Cateringangebot f\u00fcr Familien-, Hochzeits-, Schulanfangs-, oder Betriebsfeiern. Rufen Sie einfach an und machen ein pers\u00f6nlichen Termin zur unverbindlichen Absprache mit uns aus.Unser Gasthaus bietet unseren G\u00e4sten einen kleinen Gastraum f\u00fcr bis zu 15 Personenund \u00fcber einen gro\u00dfen [&hellip;]<\/p>\n","protected":false},"author":1,"featured_media":0,"parent":0,"menu_order":0,"comment_status":"closed","ping_status":"closed","template":"","meta":{"footnotes":""},"class_list":["post-151","page","type-page","status-publish","hentry"],"_links":{"self":[{"href":"http:\/\/gasthaus-hannes.de\/index.php?rest_route=\/wp\/v2\/pages\/151","targetHints":{"allow":["GET"]}}],"collection":[{"href":"http:\/\/gasthaus-hannes.de\/index.php?rest_route=\/wp\/v2\/pages"}],"about":[{"href":"http:\/\/gasthaus-hannes.de\/index.php?rest_route=\/wp\/v2\/types\/page"}],"author":[{"embeddable":true,"href":"http:\/\/gasthaus-hannes.de\/index.php?rest_route=\/wp\/v2\/users\/1"}],"replies":[{"embeddable":true,"href":"http:\/\/gasthaus-hannes.de\/index.php?rest_route=%2Fwp%2Fv2%2Fcomments&post=151"}],"version-history":[{"count":17,"href":"http:\/\/gasthaus-hannes.de\/index.php?rest_route=\/wp\/v2\/pages\/151\/revisions"}],"predecessor-version":[{"id":1319,"href":"http:\/\/gasthaus-hannes.de\/index.php?rest_route=\/wp\/v2\/pages\/151\/revisions\/1319"}],"wp:attachment":[{"href":"http:\/\/gasthaus-hannes.de\/index.php?rest_route=%2Fwp%2Fv2%2Fmedia&parent=151"}],"curies":[{"name":"wp","href":"https:\/\/api.w.org\/{rel}","templated":true}]}}