{"id":45,"date":"2019-02-18T00:25:54","date_gmt":"2019-02-18T00:25:54","guid":{"rendered":"http:\/\/gasthaus-hannes.de\/?page_id=45"},"modified":"2023-02-12T18:25:55","modified_gmt":"2023-02-12T18:25:55","slug":"kontakt-lage","status":"publish","type":"page","link":"http:\/\/gasthaus-hannes.de\/?page_id=45","title":{"rendered":"Kontakt &#038; Lage"},"content":{"rendered":"\n<p><strong>Gasthaus Hannes<\/strong><br>Seehausener Allee 70<br>04356 Leipzig<br>Tel.: 0341\/ 52578652<br>hannes_leipzig@web.de  <\/p>\n\n\n\n<p><strong>Anfahrt:<\/strong> \u00dcber die A14<br>Fahren Sie auf der A14 bis zur Anschlu\u00dfstelle 24 \u201cLeipzig-Messegel\u00e4nde\u201d<br>und folgen Sie der Richtung BMW- Werk. An der n\u00e4chsten Ampelkreuzung biegen Sie links<br>in die Dingolfinger Stra\u00dfe ein. Folgen Sie dieser Stra\u00dfe.<br>Das Gasthaus HANNES befindet sich auf der rechten Stra\u00dfenseite.<br><\/p>\n\n\n\n<p>Aus Richtung Leipzig:<br>Folgen Sie der Maximillian-Allee in Richtung B2 (Wittenberg) und B184 (Delitzsch)<br>zur Neuen Messe. Biegen Sie am Schild \u201cSeehausener Allee 150m\u201d rechts ab<br>in Richtung Seehausen. Fahren Sie am Congress-Center-Leipzig\/Sachsenpark geradeaus<br>vorbei bis zur Ortslage Seehausen. Fahren Sie durch den Ort Seehausen durch bis Sie<br>zu einem Kreisverkehr kommen, danach erste Ausfahrt rausfahren und auf der linken Seite<br>befindet sich das Gasthaus HANNES.  <\/p>\n","protected":false},"excerpt":{"rendered":"<p>Gasthaus HannesSeehausener Allee 7004356 LeipzigTel.: 0341\/ 52578652hannes_leipzig@web.de Anfahrt: \u00dcber die A14Fahren Sie auf der A14 bis zur Anschlu\u00dfstelle 24 \u201cLeipzig-Messegel\u00e4nde\u201dund folgen Sie der Richtung BMW- Werk. An der n\u00e4chsten Ampelkreuzung biegen Sie linksin die Dingolfinger Stra\u00dfe ein. Folgen Sie dieser Stra\u00dfe.Das Gasthaus HANNES befindet sich auf der rechten Stra\u00dfenseite. Aus Richtung Leipzig:Folgen Sie der Maximillian-Allee [&hellip;]<\/p>\n","protected":false},"author":1,"featured_media":0,"parent":0,"menu_order":0,"comment_status":"closed","ping_status":"closed","template":"","meta":{"footnotes":""},"class_list":["post-45","page","type-page","status-publish","hentry"],"_links":{"self":[{"href":"http:\/\/gasthaus-hannes.de\/index.php?rest_route=\/wp\/v2\/pages\/45","targetHints":{"allow":["GET"]}}],"collection":[{"href":"http:\/\/gasthaus-hannes.de\/index.php?rest_route=\/wp\/v2\/pages"}],"about":[{"href":"http:\/\/gasthaus-hannes.de\/index.php?rest_route=\/wp\/v2\/types\/page"}],"author":[{"embeddable":true,"href":"http:\/\/gasthaus-hannes.de\/index.php?rest_route=\/wp\/v2\/users\/1"}],"replies":[{"embeddable":true,"href":"http:\/\/gasthaus-hannes.de\/index.php?rest_route=%2Fwp%2Fv2%2Fcomments&post=45"}],"version-history":[{"count":7,"href":"http:\/\/gasthaus-hannes.de\/index.php?rest_route=\/wp\/v2\/pages\/45\/revisions"}],"predecessor-version":[{"id":162,"href":"http:\/\/gasthaus-hannes.de\/index.php?rest_route=\/wp\/v2\/pages\/45\/revisions\/162"}],"wp:attachment":[{"href":"http:\/\/gasthaus-hannes.de\/index.php?rest_route=%2Fwp%2Fv2%2Fmedia&parent=45"}],"curies":[{"name":"wp","href":"https:\/\/api.w.org\/{rel}","templated":true}]}}